{"id":7355,"date":"2019-07-17T17:53:20","date_gmt":"2019-07-17T15:53:20","guid":{"rendered":"https:\/\/apsenergia.cz\/?page_id=7355"},"modified":"2023-02-25T15:36:13","modified_gmt":"2023-02-25T14:36:13","slug":"podminky-webu","status":"publish","type":"page","link":"https:\/\/apsenergia.cz\/cs\/podminky-webu\/","title":{"rendered":"Podm\u00ednky webu (GDPR)"},"content":{"rendered":"<section class=\"l-section wpb_row height_small\"><div class=\"l-section-h i-cf\"><div class=\"g-cols vc_row via_flex valign_top type_default stacking_default\"><div class=\"vc_col-sm-12 wpb_column vc_column_container\"><div class=\"vc_column-inner\"><div class=\"wpb_wrapper\"><div class=\"wpb_text_column\"><div class=\"wpb_wrapper\"><h4 style=\"text-align: center;\">Jak\u00fdm zp\u016fsobem z\u00edsk\u00e1v\u00e1me a nakl\u00e1d\u00e1me s va\u0161imi osobn\u00edmi \u00fadaji?<\/h4>\n<\/div><\/div><div class=\"w-separator size_small with_line width_30 thick_1 style_dotted color_border align_center\"><div class=\"w-separator-h\"><\/div><\/div><div class=\"wpb_text_column\"><div class=\"wpb_wrapper\"><p>Obchodn\u00ed firma APS Energia Czech s.r.o. z\u00edsk\u00e1v\u00e1 osobn\u00ed \u00fadaje, proto vy\u017eadujeme souhlas se zpracov\u00e1n\u00edm osobn\u00edch \u00fadaj\u016f dle Na\u0159\u00edzen\u00ed Evropsk\u00e9ho Parlamentu a Rady (EU) 679\/2016 o Ochran\u011b fyzick\u00fdch osob v souvislosti se zpracov\u00e1n\u00edm osobn\u00edch \u00fadaj\u016f a o voln\u00e9m pohybu t\u011bchto \u00fadaj\u016f, d\u00e1le jen \u201eGDPR\u201c dle z\u00e1kona \u010d. 101\/2000 Sb., o ochran\u011b osobn\u00edch \u00fadaj\u016f (d\u00e1le jen \u201eZOO\u00da\u201c) a o zm\u011bn\u011b n\u011bkter\u00fdch z\u00e1kon\u016f.<\/p>\n<p>Odesl\u00e1n\u00edm webov\u00e9ho formul\u00e1\u0159e prost\u0159ednictv\u00edm webu www.apsenergia.cz, osloven\u00edm na\u0161\u00ed firmy nebo na\u0161ich spolupracovn\u00edk\u016f prost\u0159ednictv\u00edm telefonu \u010di e-mailov\u00e9ho kontaktu ud\u011blujete obchodn\u00ed firm\u011b APS Energia Czech s.r.o., se s\u00eddlem: Kub\u00e1nsk\u00e9 n\u00e1m\u011bst\u00ed 1391\/11, 100 00 Praha 10, I\u010cO: 24832812, DI\u010c: CZ24832812, spisov\u00e1 zna\u010dka: C 178531 veden\u00e1 u M\u011bstsk\u00e9ho soudu v Praze, spole\u010dnost s ru\u010den\u00edm omezen\u00fdm od 6. 4. 2011. (d\u00e1le jen \u201eSpr\u00e1vce\u201d), souhlas se zpracov\u00e1n\u00edm sv\u00fdch osobn\u00edch \u00fadaj\u016f, a to za n\u00ed\u017ee uveden\u00fdch podm\u00ednek:<\/p>\n<p><strong>V p\u0159\u00edpad\u011b odesl\u00e1n\u00ed webov\u00e9ho formul\u00e1\u0159e \u010di e-mailov\u00e9ho a telefonick\u00e9ho osloven\u00ed spolupracovn\u00edk\u016f Spr\u00e1vce, subjekt souhlas\u00ed se zpracov\u00e1n\u00edm osobn\u00edch \u00fadaj\u016f n\u00e1sledovn\u011b:<\/strong><\/p>\n<p><b>1. Osobn\u00ed \u00fadaje, kter\u00e9 budou zpracov\u00e1ny:<\/b><\/p>\n<ul>\n<li>jm\u00e9no a p\u0159\u00edjmen\u00ed<\/li>\n<li>e-mailov\u00e1 adresa<\/li>\n<li>telefonick\u00fd kontakt (pokud bude poskytnut)<\/li>\n<li>IP adresa<\/li>\n<\/ul>\n<p><b>2. \u00da\u010delem zpracov\u00e1n\u00ed osobn\u00edch \u00fadaj\u016f je: <\/b>Zpracov\u00e1n\u00ed je nezbytn\u00e9 pro spln\u011bn\u00ed smlouvy, jej\u00ed\u017e smluvn\u00ed stranou je subjekt \u00fadaj\u016f, nebo pro proveden\u00ed opat\u0159en\u00ed p\u0159ijat\u00fdch p\u0159ed uzav\u0159en\u00edm smlouvy na \u017e\u00e1dost tohoto subjektu \u00fadaj\u016f.<\/p>\n<p><b>3. Doba zpracov\u00e1n\u00ed osobn\u00edch \u00fadaj\u016f je:\u00a0<\/b>do odvol\u00e1n\u00ed<\/p>\n<p><b>4. Zabezpe\u010den\u00ed osobn\u00edch \u00fadaj\u016f:\u00a0<\/b>Obchodn\u00ed firma APS Energia Czech s.r.o. p\u0159ijala ve\u0161ker\u00e1 vhodn\u00e1 technick\u00e1 a organiza\u010dn\u00ed opat\u0159en\u00ed k zabezpe\u010den\u00ed osobn\u00edch \u00fadaj\u016f.<\/p>\n<p>Subjekt odesl\u00e1n\u00edm webov\u00e9ho formul\u00e1\u0159e prost\u0159ednictv\u00edm webu Spr\u00e1vce \u00fadaj\u016f tj. www.apsenergia.cz \u010di osloven\u00ed spolupracovn\u00edk\u016f Spr\u00e1vce \u00fadaj\u016f prost\u0159ednictv\u00edm e-mailu \u010di telefonick\u00e9ho hovoru prohla\u0161uje, \u017ee byl Spr\u00e1vcem \u0159\u00e1dn\u011b pou\u010den o zpracov\u00e1n\u00ed a ochran\u011b osobn\u00edch \u00fadaj\u016f*, \u017ee v\u00fd\u0161e uveden\u00e9 osobn\u00ed \u00fadaje jsou p\u0159esn\u00e9 a pravdiv\u00e9 a jsou Spr\u00e1vci poskytov\u00e1ny dobrovoln\u011b.<\/p>\n<p><b>*Pou\u010den\u00ed Subjektu \u00fadaj\u016f<\/b><\/p>\n<p>Spr\u00e1vce t\u00edmto v\u00a0souladu s\u00a0ustanoven\u00edm \u010dl. 13 Na\u0159\u00edzen\u00ed Evropsk\u00e9ho parlamentu a Rady (EU) \u010d. 2016\/679 ze dne 27. dubna 2016, obecn\u00e9ho na\u0159\u00edzen\u00ed o\u00a0ochran\u011b osobn\u00edch \u00fadaj\u016f (d\u00e1le jen \u201eNa\u0159\u00edzen\u00ed\u201d), informuje, \u017ee:<\/p>\n<ul type=\"disc\">\n<li>Osobn\u00ed \u00fadaje Subjektu \u00fadaj\u016f budou zpracov\u00e1ny na z\u00e1klad\u011b jeho svobodn\u00e9ho souhlasu, a to za v\u00fd\u0161e uveden\u00fdch podm\u00ednek.<\/li>\n<li>D\u016fvodem poskytnut\u00ed osobn\u00edch \u00fadaj\u016f Subjektu \u00fadaj\u016f je:\u00a0Zpracov\u00e1n\u00ed je nezbytn\u00e9 pro spln\u011bn\u00ed smlouvy, jej\u00ed\u017e smluvn\u00ed stranou je subjekt \u00fadaj\u016f, nebo pro proveden\u00ed opat\u0159en\u00ed p\u0159ijat\u00fdch p\u0159ed uzav\u0159en\u00edm smlouvy na \u017e\u00e1dost tohoto subjektu \u00fadaj\u016f.<\/li>\n<li>Spr\u00e1vce nejmenoval pov\u011b\u0159ence pro ochranu osobn\u00edch \u00fadaj\u016f, nepov\u011b\u0159il zpracov\u00e1n\u00edm osobn\u00edch \u00fadaj\u016f \u017e\u00e1dn\u00e9ho zpracovatele ani neur\u010dil z\u00e1stupce pro pln\u011bn\u00ed povinnost\u00ed ve smyslu Na\u0159\u00edzen\u00ed.<\/li>\n<li>Spr\u00e1vce nem\u00e1 v \u00famyslu p\u0159edat osobn\u00ed \u00fadaje Subjektu \u00fadaj\u016f do t\u0159et\u00ed zem\u011b nebo mezin\u00e1rodn\u00ed organizaci.<\/li>\n<li>Subjekt \u00fadaj\u016f m\u00e1 pr\u00e1vo kdykoliv odvolat sv\u016fj souhlas se zpracov\u00e1n\u00edm osobn\u00edch \u00fadaj\u016f, pr\u00e1vo po\u017eadovat od Spr\u00e1vce p\u0159\u00edstup ke sv\u00fdm\u00a0osobn\u00edm \u00fadaj\u016fm, jejich opravu nebo vymaz\u00e1n\u00ed, pop\u0159\u00edpad\u011b omezen\u00ed zpracov\u00e1n\u00ed, a vzn\u00e9st n\u00e1mitku proti zpracov\u00e1n\u00ed, m\u00e1 pr\u00e1vo na p\u0159enositelnost t\u011bchto \u00fadaj\u016f k\u00a0jin\u00e9mu spr\u00e1vci, jako\u017e i pr\u00e1vo podat st\u00ed\u017enost u \u00da\u0159adu pro ochranu osobn\u00edch \u00fadaj\u016f, m\u00e1-li za to, \u017ee Spr\u00e1vce p\u0159i zpracov\u00e1n\u00ed osobn\u00edch \u00fadaj\u016f postupuje v\u00a0rozporu s\u00a0Na\u0159\u00edzen\u00edm.<\/li>\n<\/ul>\n<\/div><\/div><div class=\"w-separator size_small with_line width_default thick_1 style_dotted color_border align_center\"><div class=\"w-separator-h\"><\/div><\/div><div class=\"wpb_text_column\"><div class=\"wpb_wrapper\"><h4 style=\"text-align: center;\">Pou\u017e\u00edv\u00e1me cookies<\/h4>\n<\/div><\/div><div class=\"w-separator size_small with_line width_30 thick_1 style_dotted color_border align_center\"><div class=\"w-separator-h\"><\/div><\/div><div class=\"wpb_text_column\"><div class=\"wpb_wrapper\"><p>Pou\u017e\u00edv\u00e1me cookies, abychom v\u00e1m zajistili co mo\u017en\u00e1 nejsnadn\u011bj\u0161\u00ed pou\u017eit\u00ed na\u0161eho webu. S dal\u0161\u00edm prohl\u00ed\u017een\u00edm p\u0159edpokl\u00e1d\u00e1me, \u017ee s pou\u017eit\u00edm cookies souhlas\u00edte.<\/p>\n<h5 style=\"text-align: center;\">Co je cookie?<\/h5>\n<p>Cookie je kr\u00e1tk\u00fd textov\u00fd soubor, kter\u00fd nav\u0161t\u00edven\u00e1 webov\u00e1 str\u00e1nka ode\u0161le do prohl\u00ed\u017ee\u010de. Umo\u017e\u0148uje webu zaznamenat informace o va\u0161\u00ed n\u00e1v\u0161t\u011bv\u011b, nap\u0159\u00edklad preferovan\u00fd jazyk a dal\u0161\u00ed nastaven\u00ed. P\u0159\u00ed\u0161t\u00ed n\u00e1v\u0161t\u011bva str\u00e1nek tak m\u016f\u017ee b\u00fdt snaz\u0161\u00ed a produktivn\u011bj\u0161\u00ed. Soubory cookie jsou d\u016fle\u017eit\u00e9. Bez nich by proch\u00e1zen\u00ed webu bylo mnohem slo\u017eit\u011bj\u0161\u00ed. N\u011bkter\u00e9 soubory cookie mohou nicm\u00e9n\u011b t\u00edm, \u017ee ukl\u00e1daj\u00ed nav\u0161t\u00edven\u00e9 webov\u00e9 str\u00e1nky, p\u0159edstavovat riziko pro ochranu va\u0161ich osobn\u00edch \u00fadaj\u016f. Soubory cookie ulo\u017een\u00e9 v po\u010d\u00edta\u010di m\u016f\u017eete kdykoliv odstranit nebo jejich ukl\u00e1d\u00e1n\u00ed zablokovat. Zablokov\u00e1n\u00ed soubor\u016f cookie v\u0161ak m\u016f\u017ee zp\u016fsobit, \u017ee n\u011bkter\u00e9 slu\u017eby webu nemus\u00ed fungovat spr\u00e1vn\u011b.<\/p>\n<\/div><\/div><\/div><\/div><\/div><\/div><\/div><\/section>\n","protected":false},"excerpt":{"rendered":"Jak\u00fdm zp\u016fsobem z\u00edsk\u00e1v\u00e1me a nakl\u00e1d\u00e1me s va\u0161imi osobn\u00edmi \u00fadaji? Obchodn\u00ed firma APS Energia Czech s.r.o. z\u00edsk\u00e1v\u00e1 osobn\u00ed \u00fadaje, proto vy\u017eadujeme souhlas se zpracov\u00e1n\u00edm osobn\u00edch \u00fadaj\u016f dle Na\u0159\u00edzen\u00ed Evropsk\u00e9ho Parlamentu a Rady (EU) 679\/2016 o Ochran\u011b fyzick\u00fdch osob v souvislosti se zpracov\u00e1n\u00edm osobn\u00edch \u00fadaj\u016f a o voln\u00e9m pohybu t\u011bchto \u00fadaj\u016f, d\u00e1le jen \u201eGDPR\u201c dle z\u00e1kona \u010d....","protected":false},"author":1,"featured_media":0,"parent":0,"menu_order":0,"comment_status":"closed","ping_status":"closed","template":"","meta":[],"yoast_head":"<!-- This site is optimized with the Yoast SEO plugin v19.9 - https:\/\/yoast.com\/wordpress\/plugins\/seo\/ -->\n<title>Podm\u00ednky webu (GDPR) - APS Energia Czech \u2013 V\u00fdroba a prodej nap\u00e1jec\u00edch zdroj\u016f<\/title>\n<meta name=\"robots\" content=\"index, follow, max-snippet:-1, max-image-preview:large, max-video-preview:-1\" \/>\n<link rel=\"canonical\" href=\"https:\/\/apsenergia.cz\/cs\/podminky-webu\/\" \/>\n<meta property=\"og:locale\" content=\"cs_CZ\" \/>\n<meta property=\"og:type\" content=\"article\" \/>\n<meta property=\"og:title\" content=\"Podm\u00ednky webu (GDPR) - APS Energia Czech \u2013 V\u00fdroba a prodej nap\u00e1jec\u00edch zdroj\u016f\" \/>\n<meta property=\"og:url\" content=\"https:\/\/apsenergia.cz\/cs\/podminky-webu\/\" \/>\n<meta property=\"og:site_name\" content=\"APS Energia Czech \u2013 V\u00fdroba a prodej nap\u00e1jec\u00edch zdroj\u016f\" \/>\n<meta property=\"article:modified_time\" content=\"2023-02-25T14:36:13+00:00\" \/>\n<meta name=\"twitter:card\" content=\"summary_large_image\" \/>\n<meta name=\"twitter:label1\" content=\"Odhadovan\u00e1 doba \u010dten\u00ed\" \/>\n\t<meta name=\"twitter:data1\" content=\"4 minuty\" \/>\n<script type=\"application\/ld+json\" class=\"yoast-schema-graph\">{\"@context\":\"https:\/\/schema.org\",\"@graph\":[{\"@type\":\"WebPage\",\"@id\":\"https:\/\/apsenergia.cz\/cs\/podminky-webu\/\",\"url\":\"https:\/\/apsenergia.cz\/cs\/podminky-webu\/\",\"name\":\"Podm\u00ednky webu (GDPR) - APS Energia Czech \u2013 V\u00fdroba a prodej nap\u00e1jec\u00edch zdroj\u016f\",\"isPartOf\":{\"@id\":\"https:\/\/apsenergia.cz\/cs\/#website\"},\"datePublished\":\"2019-07-17T15:53:20+00:00\",\"dateModified\":\"2023-02-25T14:36:13+00:00\",\"breadcrumb\":{\"@id\":\"https:\/\/apsenergia.cz\/cs\/podminky-webu\/#breadcrumb\"},\"inLanguage\":\"cs\",\"potentialAction\":[{\"@type\":\"ReadAction\",\"target\":[\"https:\/\/apsenergia.cz\/cs\/podminky-webu\/\"]}]},{\"@type\":\"BreadcrumbList\",\"@id\":\"https:\/\/apsenergia.cz\/cs\/podminky-webu\/#breadcrumb\",\"itemListElement\":[{\"@type\":\"ListItem\",\"position\":1,\"name\":\"Dom\u016f\",\"item\":\"https:\/\/apsenergia.cz\/cs\/\"},{\"@type\":\"ListItem\",\"position\":2,\"name\":\"Podm\u00ednky webu (GDPR)\"}]},{\"@type\":\"WebSite\",\"@id\":\"https:\/\/apsenergia.cz\/cs\/#website\",\"url\":\"https:\/\/apsenergia.cz\/cs\/\",\"name\":\"APS Energia Czech \u2013 V\u00fdroba a prodej nap\u00e1jec\u00edch zdroj\u016f\",\"description\":\"\",\"potentialAction\":[{\"@type\":\"SearchAction\",\"target\":{\"@type\":\"EntryPoint\",\"urlTemplate\":\"https:\/\/apsenergia.cz\/cs\/?s={search_term_string}\"},\"query-input\":\"required name=search_term_string\"}],\"inLanguage\":\"cs\"}]}<\/script>\n<!-- \/ Yoast SEO plugin. -->","yoast_head_json":{"title":"Podm\u00ednky webu (GDPR) - APS Energia Czech \u2013 V\u00fdroba a prodej nap\u00e1jec\u00edch zdroj\u016f","robots":{"index":"index","follow":"follow","max-snippet":"max-snippet:-1","max-image-preview":"max-image-preview:large","max-video-preview":"max-video-preview:-1"},"canonical":"https:\/\/apsenergia.cz\/cs\/podminky-webu\/","og_locale":"cs_CZ","og_type":"article","og_title":"Podm\u00ednky webu (GDPR) - APS Energia Czech \u2013 V\u00fdroba a prodej nap\u00e1jec\u00edch zdroj\u016f","og_url":"https:\/\/apsenergia.cz\/cs\/podminky-webu\/","og_site_name":"APS Energia Czech \u2013 V\u00fdroba a prodej nap\u00e1jec\u00edch zdroj\u016f","article_modified_time":"2023-02-25T14:36:13+00:00","twitter_card":"summary_large_image","twitter_misc":{"Odhadovan\u00e1 doba \u010dten\u00ed":"4 minuty"},"schema":{"@context":"https:\/\/schema.org","@graph":[{"@type":"WebPage","@id":"https:\/\/apsenergia.cz\/cs\/podminky-webu\/","url":"https:\/\/apsenergia.cz\/cs\/podminky-webu\/","name":"Podm\u00ednky webu (GDPR) - APS Energia Czech \u2013 V\u00fdroba a prodej nap\u00e1jec\u00edch zdroj\u016f","isPartOf":{"@id":"https:\/\/apsenergia.cz\/cs\/#website"},"datePublished":"2019-07-17T15:53:20+00:00","dateModified":"2023-02-25T14:36:13+00:00","breadcrumb":{"@id":"https:\/\/apsenergia.cz\/cs\/podminky-webu\/#breadcrumb"},"inLanguage":"cs","potentialAction":[{"@type":"ReadAction","target":["https:\/\/apsenergia.cz\/cs\/podminky-webu\/"]}]},{"@type":"BreadcrumbList","@id":"https:\/\/apsenergia.cz\/cs\/podminky-webu\/#breadcrumb","itemListElement":[{"@type":"ListItem","position":1,"name":"Dom\u016f","item":"https:\/\/apsenergia.cz\/cs\/"},{"@type":"ListItem","position":2,"name":"Podm\u00ednky webu (GDPR)"}]},{"@type":"WebSite","@id":"https:\/\/apsenergia.cz\/cs\/#website","url":"https:\/\/apsenergia.cz\/cs\/","name":"APS Energia Czech \u2013 V\u00fdroba a prodej nap\u00e1jec\u00edch zdroj\u016f","description":"","potentialAction":[{"@type":"SearchAction","target":{"@type":"EntryPoint","urlTemplate":"https:\/\/apsenergia.cz\/cs\/?s={search_term_string}"},"query-input":"required name=search_term_string"}],"inLanguage":"cs"}]}},"_links":{"self":[{"href":"https:\/\/apsenergia.cz\/cs\/wp-json\/wp\/v2\/pages\/7355"}],"collection":[{"href":"https:\/\/apsenergia.cz\/cs\/wp-json\/wp\/v2\/pages"}],"about":[{"href":"https:\/\/apsenergia.cz\/cs\/wp-json\/wp\/v2\/types\/page"}],"author":[{"embeddable":true,"href":"https:\/\/apsenergia.cz\/cs\/wp-json\/wp\/v2\/users\/1"}],"replies":[{"embeddable":true,"href":"https:\/\/apsenergia.cz\/cs\/wp-json\/wp\/v2\/comments?post=7355"}],"version-history":[{"count":1,"href":"https:\/\/apsenergia.cz\/cs\/wp-json\/wp\/v2\/pages\/7355\/revisions"}],"predecessor-version":[{"id":12911,"href":"https:\/\/apsenergia.cz\/cs\/wp-json\/wp\/v2\/pages\/7355\/revisions\/12911"}],"wp:attachment":[{"href":"https:\/\/apsenergia.cz\/cs\/wp-json\/wp\/v2\/media?parent=7355"}],"curies":[{"name":"wp","href":"https:\/\/api.w.org\/{rel}","templated":true}]}}