{"id":14753,"date":"2019-07-17T17:53:20","date_gmt":"2019-07-17T15:53:20","guid":{"rendered":"https:\/\/apsenergia.cz\/podminky-webu\/"},"modified":"2023-02-24T19:43:38","modified_gmt":"2023-02-24T18:43:38","slug":"podmienky-stranky-gdpr","status":"publish","type":"page","link":"https:\/\/apsenergia.cz\/sk\/podmienky-stranky-gdpr\/","title":{"rendered":"Podmienky str\u00e1nky (GDPR)"},"content":{"rendered":"<section class=\"l-section wpb_row height_small\"><div class=\"l-section-h i-cf\"><div class=\"g-cols vc_row via_flex valign_top type_default stacking_default\"><div class=\"vc_col-sm-12 wpb_column vc_column_container\"><div class=\"vc_column-inner\"><div class=\"wpb_wrapper\"><div class=\"wpb_text_column\"><div class=\"wpb_wrapper\"><h4 style=\"text-align: center;\">Ako z\u00edskavame a sprac\u00favame va\u0161e osobn\u00e9 \u00fadaje?<\/h4>\n<\/div><\/div><div class=\"w-separator size_small with_line width_30 thick_1 style_dotted color_border align_center\"><div class=\"w-separator-h\"><\/div><\/div><div class=\"wpb_text_column\"><div class=\"wpb_wrapper\"><p>Obchodn\u00e1 spolo\u010dnos\u0165 APS Energia Czech s.r.o. zhroma\u017e\u010fuje osobn\u00e9 \u00fadaje, preto vy\u017eadujeme s\u00fahlas so spracovan\u00edm osobn\u00fdch \u00fadajov v s\u00falade s Nariaden\u00edm Eur\u00f3pskeho parlamentu a Rady (E\u00da) \u010d. 679\/2016 o Ochrane fyzick\u00fdch os\u00f4b pri sprac\u00favan\u00ed osobn\u00fdch \u00fadajov a o vo\u013enom pohybe tak\u00fdchto \u00fadajov, \u010falej len &#8222;GDPR&#8220; pod\u013ea z\u00e1kona \u010d. 101\/2000 Z. z. o ochrane osobn\u00fdch \u00fadajov (\u010falej len &#8222;ZOO\u00da&#8220;) a o zmene a doplnen\u00ed niektor\u00fdch z\u00e1konov.<\/p>\n<p>Odoslan\u00edm webov\u00e9ho formul\u00e1ra prostredn\u00edctvom webovej str\u00e1nky www.apsenergia.cz, kontaktovan\u00edm na\u0161ej spolo\u010dnosti alebo na\u0161ich spolupracovn\u00edkov telefonicky alebo e-mailom ude\u013eujete obchodnej spolo\u010dnosti APS Energia Czech s.r.o., so s\u00eddlom: Kub\u00e1nsk\u00e9 n\u00e1m\u011bst\u00ed 1391\/11, 100 00 Praha 10, I\u010cO: 24832812, DI\u010c: CZ24832812, spisov\u00e1 zna\u010dka: C 178531, zap\u00edsan\u00e1 u Mestsk\u00e9ho s\u00fadu v Prahe, spolo\u010dnos\u0165 s ru\u010den\u00edm obmedzen\u00fdm od 6. apr\u00edla 2011 (\u010falej len &#8222;prev\u00e1dzkovate\u013e&#8220;), s\u00fahlas so spracovan\u00edm Va\u0161ich osobn\u00fdch \u00fadajov za ni\u017e\u0161ie uveden\u00fdch podmienok:<\/p>\n<p><strong>V pr\u00edpade odoslania webov\u00e9ho formul\u00e1ra alebo kontaktovania zamestnancov prev\u00e1dzkovate\u013ea prostredn\u00edctvom e-mailu a telef\u00f3nu subjekt s\u00fahlas\u00ed so spracovan\u00edm osobn\u00fdch \u00fadajov nasledovne:<\/strong><\/p>\n<p><b>1. Osobn\u00e9 \u00fadaje, ktor\u00e9 sa maj\u00fa sprac\u00fava\u0165:<\/b><\/p>\n<ul>\n<li>meno a priezvisko<\/li>\n<li>e-mailov\u00e1 adresa<\/li>\n<li>telefonick\u00fd kontakt (ak bol poskytnut\u00fd)<\/li>\n<li>IP adresa<\/li>\n<\/ul>\n<p><b>2. \u00da\u010delom spracovania osobn\u00fdch \u00fadajov je: <\/b>Sprac\u00favanie je nevyhnutn\u00e9 na plnenie zmluvy, ktorej zmluvnou stranou je dotknut\u00e1 osoba, alebo na vykonanie opatren\u00ed prijat\u00fdch pred uzavret\u00edm zmluvy na \u017eiados\u0165 dotknutej osoby.<\/p>\n<p><b>3. Doba spracovania osobn\u00fdch \u00fadajov je:\u00a0<\/b>do odvolania<\/p>\n<p><b>4. Bezpe\u010dnos\u0165 osobn\u00fdch \u00fadajov:\u00a0<\/b>Obchodn\u00e1 spolo\u010dnos\u0165 APS Energia Czech s.r.o. prijala v\u0161etky primeran\u00e9 technick\u00e9 a organiza\u010dn\u00e9 opatrenia na zabezpe\u010denie osobn\u00fdch \u00fadajov.<\/p>\n<p>Odoslan\u00edm webov\u00e9ho formul\u00e1ra prostredn\u00edctvom webovej str\u00e1nky Prev\u00e1dzkovate\u013ea, t. j. www.apsenergia.cz, alebo kontaktovan\u00edm spolupracovn\u00edkov Prev\u00e1dzkovate\u013ea prostredn\u00edctvom e-mailu alebo telefonick\u00e9ho hovoru, dotknut\u00e1 osoba vyhlasuje, \u017ee bola Prev\u00e1dzkovate\u013eom riadne pou\u010den\u00e1 o sprac\u00favan\u00ed a ochrane osobn\u00fdch \u00fadajov*, \u017ee vy\u0161\u0161ie uveden\u00e9 osobn\u00e9 \u00fadaje s\u00fa presn\u00e9 a pravdiv\u00e9 a s\u00fa Prev\u00e1dzkovate\u013eovi poskytnut\u00e9 dobrovo\u013ene.<\/p>\n<p><b>*Pou\u010denie pre subjekt \u00fadajov<\/b><\/p>\n<p>V s\u00falade s ustanoveniami \u010dl\u00e1nku 13 Nariadenia Eur\u00f3pskeho parlamentu a Rady (E\u00da) \u010d. 2016\/679 z 27. apr\u00edla 2016, v\u0161eobecn\u00e9 nariadenie o ochrane \u00fadajov (\u010falej len &#8222;nariadenie&#8220;), prev\u00e1dzkovate\u013e t\u00fdmto informuje, \u017ee:<\/p>\n<ul type=\"disc\">\n<li>Osobn\u00e9 \u00fadaje dotknutej osoby sa sprac\u00favaj\u00fa na z\u00e1klade jej slobodn\u00e9ho s\u00fahlasu za vy\u0161\u0161ie uveden\u00fdch podmienok.<\/li>\n<li>D\u00f4vodom poskytnutia osobn\u00fdch \u00fadajov subjektu \u00fadajov je: Sprac\u00favanie je nevyhnutn\u00e9 na plnenie zmluvy, ktorej zmluvnou stranou je dotknut\u00e1 osoba, alebo na vykonanie opatren\u00ed prijat\u00fdch pred uzavret\u00edm zmluvy na \u017eiados\u0165 dotknutej osoby.<\/li>\n<li>Prev\u00e1dzkovate\u013e nevymenoval \u00faradn\u00edka pre ochranu osobn\u00fdch \u00fadajov, nepoveril spracovan\u00edm osobn\u00fdch \u00fadajov \u017eiadneho sprostredkovate\u013ea ani nevymenoval z\u00e1stupcu na plnenie svojich povinnost\u00ed pod\u013ea nariadenia.<\/li>\n<li>Prev\u00e1dzkovate\u013e nem\u00e1 v \u00famysle prenies\u0165 osobn\u00e9 \u00fadaje dotknutej osoby do tretej krajiny alebo medzin\u00e1rodnej organiz\u00e1cii.<\/li>\n<li>Dotknut\u00e1 osoba m\u00e1 pr\u00e1vo kedyko\u013evek odvola\u0165 svoj s\u00fahlas so sprac\u00favan\u00edm osobn\u00fdch \u00fadajov, pr\u00e1vo po\u017eadova\u0165 od Prev\u00e1dzkovate\u013ea pr\u00edstup k svojim osobn\u00fdm \u00fadajom, ich opravu alebo vymazanie, pr\u00edpadne obmedzenie sprac\u00favania a namieta\u0165 proti sprac\u00favaniu, pr\u00e1vo na prenosnos\u0165 \u00fadajov k in\u00e9mu prev\u00e1dzkovate\u013eovi, ako aj pr\u00e1vo poda\u0165 s\u0165a\u017enos\u0165 na \u00darad na ochranu osobn\u00fdch \u00fadajov, ak sa domnieva, \u017ee Prev\u00e1dzkovate\u013e sprac\u00fava osobn\u00e9 \u00fadaje v rozpore s Nariaden\u00edm.<\/li>\n<\/ul>\n<\/div><\/div><div class=\"w-separator size_small with_line width_default thick_1 style_dotted color_border align_center\"><div class=\"w-separator-h\"><\/div><\/div><div class=\"wpb_text_column\"><div class=\"wpb_wrapper\"><h4 style=\"text-align: center;\">Pou\u017e\u00edvame s\u00fabory cookie<\/h4>\n<\/div><\/div><div class=\"w-separator size_small with_line width_30 thick_1 style_dotted color_border align_center\"><div class=\"w-separator-h\"><\/div><\/div><div class=\"wpb_text_column\"><div class=\"wpb_wrapper\"><p>S\u00fabory cookie pou\u017e\u00edvame na zabezpe\u010denie toho, aby sme v\u00e1m pou\u017e\u00edvanie na\u0161ej webovej str\u00e1nky \u010do najviac u\u013eah\u010dili. Pokra\u010dovan\u00edm v prehliadan\u00ed predpoklad\u00e1me, \u017ee s\u00fahlas\u00edte s pou\u017e\u00edvan\u00edm s\u00faborov cookie.<\/p>\n<h5 style=\"text-align: center;\">\u010co je to cookie?<\/h5>\n<p>S\u00fabor cookie je kr\u00e1tky textov\u00fd s\u00fabor, ktor\u00fd do v\u00e1\u0161ho prehliada\u010da odosiela nav\u0161t\u00edven\u00e1 webov\u00e1 lokalita. Umo\u017e\u0148uje webovej lokalite zaznamen\u00e1va\u0165 inform\u00e1cie o va\u0161ej n\u00e1v\u0161teve, ako napr\u00edklad preferovan\u00fd jazyk a \u010fal\u0161ie nastavenia. V\u010faka tomu m\u00f4\u017ee by\u0165 va\u0161a \u010fal\u0161ia n\u00e1v\u0161teva str\u00e1nky jednoduch\u0161ia a produkt\u00edvnej\u0161ia. S\u00fabory cookie s\u00fa d\u00f4le\u017eit\u00e9. Bez nich by bolo prehliadanie webu ove\u013ea \u0165a\u017e\u0161ie. Niektor\u00e9 s\u00fabory cookie v\u0161ak m\u00f4\u017eu predstavova\u0165 riziko pre ochranu va\u0161ich osobn\u00fdch \u00fadajov t\u00fdm, \u017ee ukladaj\u00fa nav\u0161t\u00edven\u00e9 webov\u00e9 str\u00e1nky. S\u00fabory cookie ulo\u017een\u00e9 vo va\u0161om po\u010d\u00edta\u010di m\u00f4\u017eete kedyko\u013evek vymaza\u0165 alebo zablokova\u0165 ich ukladanie. Zablokovanie s\u00faborov cookie v\u0161ak m\u00f4\u017ee sp\u00f4sobi\u0165, \u017ee niektor\u00e9 slu\u017eby str\u00e1nky nebud\u00fa fungova\u0165 spr\u00e1vne.<\/p>\n<\/div><\/div><\/div><\/div><\/div><\/div><\/div><\/section>\n","protected":false},"excerpt":{"rendered":"Ako z\u00edskavame a sprac\u00favame va\u0161e osobn\u00e9 \u00fadaje? Obchodn\u00e1 spolo\u010dnos\u0165 APS Energia Czech s.r.o. zhroma\u017e\u010fuje osobn\u00e9 \u00fadaje, preto vy\u017eadujeme s\u00fahlas so spracovan\u00edm osobn\u00fdch \u00fadajov v s\u00falade s Nariaden\u00edm Eur\u00f3pskeho parlamentu a Rady (E\u00da) \u010d. 679\/2016 o Ochrane fyzick\u00fdch os\u00f4b pri sprac\u00favan\u00ed osobn\u00fdch \u00fadajov a o vo\u013enom pohybe tak\u00fdchto \u00fadajov, \u010falej len &#8222;GDPR&#8220; pod\u013ea z\u00e1kona \u010d. 101\/2000...","protected":false},"author":1,"featured_media":0,"parent":0,"menu_order":0,"comment_status":"closed","ping_status":"closed","template":"","meta":[],"yoast_head":"<!-- This site is optimized with the Yoast SEO plugin v19.9 - https:\/\/yoast.com\/wordpress\/plugins\/seo\/ -->\n<title>Podmienky str\u00e1nky (GDPR) - APS Energia Czech \u2013 V\u00fdroba a prodej nap\u00e1jec\u00edch zdroj\u016f<\/title>\n<meta name=\"robots\" content=\"index, follow, max-snippet:-1, max-image-preview:large, max-video-preview:-1\" \/>\n<link rel=\"canonical\" href=\"https:\/\/apsenergia.cz\/sk\/podmienky-stranky-gdpr\/\" \/>\n<meta property=\"og:locale\" content=\"sk_SK\" \/>\n<meta property=\"og:type\" content=\"article\" \/>\n<meta property=\"og:title\" content=\"Podmienky str\u00e1nky (GDPR) - APS Energia Czech \u2013 V\u00fdroba a prodej nap\u00e1jec\u00edch zdroj\u016f\" \/>\n<meta property=\"og:url\" content=\"https:\/\/apsenergia.cz\/sk\/podmienky-stranky-gdpr\/\" \/>\n<meta property=\"og:site_name\" content=\"APS Energia Czech \u2013 V\u00fdroba a prodej nap\u00e1jec\u00edch zdroj\u016f\" \/>\n<meta property=\"article:modified_time\" content=\"2023-02-24T18:43:38+00:00\" \/>\n<meta name=\"twitter:card\" content=\"summary_large_image\" \/>\n<meta name=\"twitter:label1\" content=\"Predpokladan\u00fd \u010das \u010d\u00edtania\" \/>\n\t<meta name=\"twitter:data1\" content=\"4 min\u00faty\" \/>\n<script type=\"application\/ld+json\" class=\"yoast-schema-graph\">{\"@context\":\"https:\/\/schema.org\",\"@graph\":[{\"@type\":\"WebPage\",\"@id\":\"https:\/\/apsenergia.cz\/sk\/podmienky-stranky-gdpr\/\",\"url\":\"https:\/\/apsenergia.cz\/sk\/podmienky-stranky-gdpr\/\",\"name\":\"Podmienky str\u00e1nky (GDPR) - APS Energia Czech \u2013 V\u00fdroba a prodej nap\u00e1jec\u00edch zdroj\u016f\",\"isPartOf\":{\"@id\":\"https:\/\/apsenergia.cz\/cs\/#website\"},\"datePublished\":\"2019-07-17T15:53:20+00:00\",\"dateModified\":\"2023-02-24T18:43:38+00:00\",\"breadcrumb\":{\"@id\":\"https:\/\/apsenergia.cz\/sk\/podmienky-stranky-gdpr\/#breadcrumb\"},\"inLanguage\":\"sk-SK\",\"potentialAction\":[{\"@type\":\"ReadAction\",\"target\":[\"https:\/\/apsenergia.cz\/sk\/podmienky-stranky-gdpr\/\"]}]},{\"@type\":\"BreadcrumbList\",\"@id\":\"https:\/\/apsenergia.cz\/sk\/podmienky-stranky-gdpr\/#breadcrumb\",\"itemListElement\":[{\"@type\":\"ListItem\",\"position\":1,\"name\":\"Dom\u016f\",\"item\":\"https:\/\/apsenergia.cz\/sk\/\"},{\"@type\":\"ListItem\",\"position\":2,\"name\":\"Podmienky str\u00e1nky (GDPR)\"}]},{\"@type\":\"WebSite\",\"@id\":\"https:\/\/apsenergia.cz\/cs\/#website\",\"url\":\"https:\/\/apsenergia.cz\/cs\/\",\"name\":\"APS Energia Czech \u2013 V\u00fdroba a prodej nap\u00e1jec\u00edch zdroj\u016f\",\"description\":\"\",\"potentialAction\":[{\"@type\":\"SearchAction\",\"target\":{\"@type\":\"EntryPoint\",\"urlTemplate\":\"https:\/\/apsenergia.cz\/cs\/?s={search_term_string}\"},\"query-input\":\"required name=search_term_string\"}],\"inLanguage\":\"sk-SK\"}]}<\/script>\n<!-- \/ Yoast SEO plugin. -->","yoast_head_json":{"title":"Podmienky str\u00e1nky (GDPR) - APS Energia Czech \u2013 V\u00fdroba a prodej nap\u00e1jec\u00edch zdroj\u016f","robots":{"index":"index","follow":"follow","max-snippet":"max-snippet:-1","max-image-preview":"max-image-preview:large","max-video-preview":"max-video-preview:-1"},"canonical":"https:\/\/apsenergia.cz\/sk\/podmienky-stranky-gdpr\/","og_locale":"sk_SK","og_type":"article","og_title":"Podmienky str\u00e1nky (GDPR) - APS Energia Czech \u2013 V\u00fdroba a prodej nap\u00e1jec\u00edch zdroj\u016f","og_url":"https:\/\/apsenergia.cz\/sk\/podmienky-stranky-gdpr\/","og_site_name":"APS Energia Czech \u2013 V\u00fdroba a prodej nap\u00e1jec\u00edch zdroj\u016f","article_modified_time":"2023-02-24T18:43:38+00:00","twitter_card":"summary_large_image","twitter_misc":{"Predpokladan\u00fd \u010das \u010d\u00edtania":"4 min\u00faty"},"schema":{"@context":"https:\/\/schema.org","@graph":[{"@type":"WebPage","@id":"https:\/\/apsenergia.cz\/sk\/podmienky-stranky-gdpr\/","url":"https:\/\/apsenergia.cz\/sk\/podmienky-stranky-gdpr\/","name":"Podmienky str\u00e1nky (GDPR) - APS Energia Czech \u2013 V\u00fdroba a prodej nap\u00e1jec\u00edch zdroj\u016f","isPartOf":{"@id":"https:\/\/apsenergia.cz\/cs\/#website"},"datePublished":"2019-07-17T15:53:20+00:00","dateModified":"2023-02-24T18:43:38+00:00","breadcrumb":{"@id":"https:\/\/apsenergia.cz\/sk\/podmienky-stranky-gdpr\/#breadcrumb"},"inLanguage":"sk-SK","potentialAction":[{"@type":"ReadAction","target":["https:\/\/apsenergia.cz\/sk\/podmienky-stranky-gdpr\/"]}]},{"@type":"BreadcrumbList","@id":"https:\/\/apsenergia.cz\/sk\/podmienky-stranky-gdpr\/#breadcrumb","itemListElement":[{"@type":"ListItem","position":1,"name":"Dom\u016f","item":"https:\/\/apsenergia.cz\/sk\/"},{"@type":"ListItem","position":2,"name":"Podmienky str\u00e1nky (GDPR)"}]},{"@type":"WebSite","@id":"https:\/\/apsenergia.cz\/cs\/#website","url":"https:\/\/apsenergia.cz\/cs\/","name":"APS Energia Czech \u2013 V\u00fdroba a prodej nap\u00e1jec\u00edch zdroj\u016f","description":"","potentialAction":[{"@type":"SearchAction","target":{"@type":"EntryPoint","urlTemplate":"https:\/\/apsenergia.cz\/cs\/?s={search_term_string}"},"query-input":"required name=search_term_string"}],"inLanguage":"sk-SK"}]}},"_links":{"self":[{"href":"https:\/\/apsenergia.cz\/sk\/wp-json\/wp\/v2\/pages\/14753"}],"collection":[{"href":"https:\/\/apsenergia.cz\/sk\/wp-json\/wp\/v2\/pages"}],"about":[{"href":"https:\/\/apsenergia.cz\/sk\/wp-json\/wp\/v2\/types\/page"}],"author":[{"embeddable":true,"href":"https:\/\/apsenergia.cz\/sk\/wp-json\/wp\/v2\/users\/1"}],"replies":[{"embeddable":true,"href":"https:\/\/apsenergia.cz\/sk\/wp-json\/wp\/v2\/comments?post=14753"}],"version-history":[{"count":4,"href":"https:\/\/apsenergia.cz\/sk\/wp-json\/wp\/v2\/pages\/14753\/revisions"}],"predecessor-version":[{"id":14810,"href":"https:\/\/apsenergia.cz\/sk\/wp-json\/wp\/v2\/pages\/14753\/revisions\/14810"}],"wp:attachment":[{"href":"https:\/\/apsenergia.cz\/sk\/wp-json\/wp\/v2\/media?parent=14753"}],"curies":[{"name":"wp","href":"https:\/\/api.w.org\/{rel}","templated":true}]}}